{"id":223,"date":"2015-10-01T21:59:06","date_gmt":"2015-10-01T21:59:06","guid":{"rendered":"http:\/\/paroquiasjoaobosco.com\/wp\/?page_id=223"},"modified":"2018-09-19T15:34:13","modified_gmt":"2018-09-19T15:34:13","slug":"comunidade-nossa-senhora-das-dores","status":"publish","type":"page","link":"http:\/\/paroquiasjoaobosco.com\/index.php\/comunidade-nossa-senhora-das-dores\/","title":{"rendered":"* Com. N. S. das Dores"},"content":{"rendered":"<p class=\"hide-if-no-js\"><a id=\"set-post-thumbnail\" class=\"thickbox\" title=\"Definir imagem destacada\" href=\"http:\/\/paroquiasjoaobosco.com\/wp-admin\/media-upload.php?post_id=223&amp;type=image&amp;TB_iframe=1\"><img decoding=\"async\" loading=\"lazy\" class=\"attachment-266x266\" src=\"http:\/\/paroquiasjoaobosco.com\/wp-content\/uploads\/2015\/10\/n-s-dores.jpg\" alt=\"n s dores\" width=\"266\" height=\"187\" \/><\/a><\/p>\n<p><strong>Nossa Senhora das Dores:<\/strong><br \/>\n<strong>Endere\u00e7o:<\/strong> Rua Papa Capim, n\u00ba 54, Portal do Medeiros \u2013 Jundia\u00ed\/SP<br \/>\n<strong>E-mail:<\/strong> nsdores@paroquiasjoaobosco.com<\/p>\n<p><strong>Hor\u00e1rio de Missas e Celebra\u00e7\u00f5es:<\/strong>\u00a0<a href=\"http:\/\/paroquiasjoaobosco.com\/index.php\/2015\/09\/22\/missas-da-paroquia\/\"> Clique Aqui! <\/a><\/p>\n<p><a href=\"http:\/\/paroquiasjoaobosco.com\/wp-content\/uploads\/2015\/09\/separador-vintage-large1.png\" rel=\"fancybox[223]\"><img decoding=\"async\" loading=\"lazy\" class=\"alignnone wp-image-195\" src=\"http:\/\/paroquiasjoaobosco.com\/wp-content\/uploads\/2015\/09\/separador-vintage-large1-300x13.png\" alt=\"separador-vintage-large1\" width=\"1038\" height=\"45\" srcset=\"http:\/\/paroquiasjoaobosco.com\/wp-content\/uploads\/2015\/09\/separador-vintage-large1-300x13.png 300w, http:\/\/paroquiasjoaobosco.com\/wp-content\/uploads\/2015\/09\/separador-vintage-large1-1024x45.png 1024w, http:\/\/paroquiasjoaobosco.com\/wp-content\/uploads\/2015\/09\/separador-vintage-large1.png 1140w\" sizes=\"(max-width: 1038px) 100vw, 1038px\" \/><\/a><\/p>\n<hr \/>\n<p><a href=\"http:\/\/paroquiasjoaobosco.com\/wp-content\/uploads\/2015\/11\/aviso-da-semana-dom-bosco.png\" rel=\"fancybox[223]\"><img decoding=\"async\" loading=\"lazy\" class=\"size-medium wp-image-326\" src=\"http:\/\/paroquiasjoaobosco.com\/wp-content\/uploads\/2015\/11\/aviso-da-semana-dom-bosco-300x72.png\" alt=\"aviso da semana - dom bosco\" width=\"300\" height=\"72\" srcset=\"http:\/\/paroquiasjoaobosco.com\/wp-content\/uploads\/2015\/11\/aviso-da-semana-dom-bosco-300x72.png 300w, http:\/\/paroquiasjoaobosco.com\/wp-content\/uploads\/2015\/11\/aviso-da-semana-dom-bosco.png 700w\" sizes=\"(max-width: 300px) 100vw, 300px\" \/><\/a><\/p>\n<p>&nbsp;<\/p>\n","protected":false},"excerpt":{"rendered":"<p>Nossa Senhora das Dores: Endere\u00e7o: Rua Papa Capim, n\u00ba 54, Portal do Medeiros \u2013 Jundia\u00ed\/SP E-mail: nsdores@paroquiasjoaobosco.com Hor\u00e1rio de Missas e Celebra\u00e7\u00f5es:\u00a0 Clique Aqui! &nbsp;<\/p>\n","protected":false},"author":1,"featured_media":0,"parent":0,"menu_order":0,"comment_status":"closed","ping_status":"closed","template":"","meta":{"_mi_skip_tracking":false,"_exactmetrics_sitenote_active":false,"_exactmetrics_sitenote_note":"","_exactmetrics_sitenote_category":0},"_links":{"self":[{"href":"http:\/\/paroquiasjoaobosco.com\/index.php\/wp-json\/wp\/v2\/pages\/223"}],"collection":[{"href":"http:\/\/paroquiasjoaobosco.com\/index.php\/wp-json\/wp\/v2\/pages"}],"about":[{"href":"http:\/\/paroquiasjoaobosco.com\/index.php\/wp-json\/wp\/v2\/types\/page"}],"author":[{"embeddable":true,"href":"http:\/\/paroquiasjoaobosco.com\/index.php\/wp-json\/wp\/v2\/users\/1"}],"replies":[{"embeddable":true,"href":"http:\/\/paroquiasjoaobosco.com\/index.php\/wp-json\/wp\/v2\/comments?post=223"}],"version-history":[{"count":13,"href":"http:\/\/paroquiasjoaobosco.com\/index.php\/wp-json\/wp\/v2\/pages\/223\/revisions"}],"predecessor-version":[{"id":1347,"href":"http:\/\/paroquiasjoaobosco.com\/index.php\/wp-json\/wp\/v2\/pages\/223\/revisions\/1347"}],"wp:attachment":[{"href":"http:\/\/paroquiasjoaobosco.com\/index.php\/wp-json\/wp\/v2\/media?parent=223"}],"curies":[{"name":"wp","href":"https:\/\/api.w.org\/{rel}","templated":true}]}}