{"id":423,"date":"2015-11-14T16:02:53","date_gmt":"2015-11-14T16:02:53","guid":{"rendered":"http:\/\/paroquiasjoaobosco.com\/wp\/?page_id=423"},"modified":"2018-01-24T16:50:30","modified_gmt":"2018-01-24T16:50:30","slug":"inscricoes-para-batismo","status":"publish","type":"page","link":"http:\/\/paroquiasjoaobosco.com\/index.php\/inscricoes-para-batismo\/","title":{"rendered":"# Batismo"},"content":{"rendered":"<p>As crian\u00e7as sejam admitidas para o batismo at\u00e9 a idade de 07 (sete) anos. A partir da\u00ed, sejam preparadas para o batismo e a primeira eucaristia at\u00e9 os 13 (treze) anos; a partir dos 14 anos, o adolescente deve ser preparado para receber os tr\u00eas sacramentos da inicia\u00e7\u00e3o crist\u00e3.<\/p>\n<p>O batismo deve ser realizado na par\u00f3quia dos pais, e caso estes desejem faz\u00ea-lo em outra par\u00f3quia fora da diocese, devem pedir a transfer\u00eancia depois da participa\u00e7\u00e3o no <strong>encontro preparat\u00f3rio<\/strong>.<\/p>\n<hr \/>\n<p>&nbsp;<\/p>\n<p><strong>DOCUMENTOS NECESS\u00c1RIOS E ORIENTA\u00c7\u00d5ES PARA A INSCRI\u00c7\u00c3O DO BATISMO<\/strong><\/p>\n<p>Data do batismo: <strong>SE INFORMAR NA SECRETARIA PAROQUIAL<\/strong><\/p>\n<p><strong>PAIS:<\/strong><br \/>\nC\u00f3pia da Certid\u00e3o de nascimento da crian\u00e7a<br \/>\nC\u00f3pia do R.G<br \/>\nC\u00f3pia de comprovante de resid\u00eancia<br \/>\nC\u00f3pia de Certid\u00e3o de casamento do religioso<br \/>\nC\u00f3pia de Certid\u00e3o de casamento do civil<\/p>\n<p><strong>PADRINHOS:<\/strong><br \/>\nC\u00f3pia do R.G<br \/>\nC\u00f3pia de comprovante de resid\u00eancia<br \/>\nC\u00f3pia de Certid\u00e3o de casamento do religioso<br \/>\nC\u00f3pia de Certid\u00e3o de casamento do civil<br \/>\n(Solteiros: apresentar a c\u00f3pia da certid\u00e3o de Batismo e lembran\u00e7a da Crisma)<\/p>\n<p><strong>ATEN\u00c7\u00c3O:<\/strong><\/p>\n<p>1. Os casos que necessitam de uma permiss\u00e3o ou esclarecimentos ser\u00e3o encaminhados para o nosso P\u00e1roco.<\/p>\n<p>2. A inscri\u00e7\u00e3o ser\u00e1 no DIA ESTABELECIDO\u00a0 NA PAR\u00d3QUIA,\u00a0 PROCURAR SE INFORMAR NA SECRETARIA , e o t\u00e9rmino das inscri\u00e7\u00f5es se d\u00e1 ao completarem 15 (quinze) vagas (inscri\u00e7\u00f5es). A secretaria inicia o atendimento a partir das 08h00 de ter\u00e7a a sexta.<\/p>\n<p>3. H\u00e1 uma Celebra\u00e7\u00e3o com os pais e padrinhos, antes de iniciar os 04 encontros preparat\u00f3rios, Local: Par\u00f3quia S\u00e3o Jo\u00e3o Bosco (Capela), caso n\u00e3o compare\u00e7am a esta celebra\u00e7\u00e3o a inscri\u00e7\u00e3o ser\u00e1 desconsiderada.<\/p>\n<p>4. Para os encontros preparat\u00f3rios:<br \/>\n\uf0fc Os pais ou os padrinhos precisam residir na regi\u00e3o da nossa Par\u00f3quia.<br \/>\n\uf0fc S\u00e3o 04 (quatro) encontros, com dura\u00e7\u00e3o em m\u00e9dia de 1h30 cada.<br \/>\n\uf0fc Os encontros ser\u00e3o somente de segunda \u00e0 sexta-feira, na casa dos pais\/padrinhos.<br \/>\n\uf0fc Um casal respons\u00e1vel far\u00e1 o contato para o agendamento e voc\u00eas combinam o melhor hor\u00e1rio para todos.<\/p>\n<p>5. Se os Pais\/Padrinhos fizerem a prepara\u00e7\u00e3o em outra Par\u00f3quia, dever\u00e3o apresentar o comprovante at\u00e9 uma semana antes da data do Batismo. Se n\u00e3o o fizer, o batismo ser\u00e1 cancelado.<\/p>\n<hr \/>\n<p>&nbsp;<\/p>\n<p><strong>ATEN\u00c7\u00c3O: compare\u00e7a na secretaria para mais informa\u00e7\u00f5es e saber o dia das inscri\u00e7\u00f5es.<\/strong><\/p>\n","protected":false},"excerpt":{"rendered":"<p>As crian\u00e7as sejam admitidas para o batismo at\u00e9 a idade de 07 (sete) anos. A partir da\u00ed, sejam preparadas para o batismo e a primeira eucaristia at\u00e9 os 13 (treze) anos; a partir dos 14 anos, o adolescente deve ser preparado para receber os tr\u00eas sacramentos da inicia\u00e7\u00e3o crist\u00e3. O[&#8230;]<\/p>\n","protected":false},"author":1,"featured_media":0,"parent":0,"menu_order":0,"comment_status":"closed","ping_status":"closed","template":"","meta":{"_mi_skip_tracking":false,"_exactmetrics_sitenote_active":false,"_exactmetrics_sitenote_note":"","_exactmetrics_sitenote_category":0},"_links":{"self":[{"href":"http:\/\/paroquiasjoaobosco.com\/index.php\/wp-json\/wp\/v2\/pages\/423"}],"collection":[{"href":"http:\/\/paroquiasjoaobosco.com\/index.php\/wp-json\/wp\/v2\/pages"}],"about":[{"href":"http:\/\/paroquiasjoaobosco.com\/index.php\/wp-json\/wp\/v2\/types\/page"}],"author":[{"embeddable":true,"href":"http:\/\/paroquiasjoaobosco.com\/index.php\/wp-json\/wp\/v2\/users\/1"}],"replies":[{"embeddable":true,"href":"http:\/\/paroquiasjoaobosco.com\/index.php\/wp-json\/wp\/v2\/comments?post=423"}],"version-history":[{"count":10,"href":"http:\/\/paroquiasjoaobosco.com\/index.php\/wp-json\/wp\/v2\/pages\/423\/revisions"}],"predecessor-version":[{"id":1252,"href":"http:\/\/paroquiasjoaobosco.com\/index.php\/wp-json\/wp\/v2\/pages\/423\/revisions\/1252"}],"wp:attachment":[{"href":"http:\/\/paroquiasjoaobosco.com\/index.php\/wp-json\/wp\/v2\/media?parent=423"}],"curies":[{"name":"wp","href":"https:\/\/api.w.org\/{rel}","templated":true}]}}