{"id":457,"date":"2015-11-16T11:43:49","date_gmt":"2015-11-16T11:43:49","guid":{"rendered":"http:\/\/paroquiasjoaobosco.com\/wp\/?page_id=457"},"modified":"2015-11-16T22:08:51","modified_gmt":"2015-11-16T22:08:51","slug":"apostolado-de-oracao","status":"publish","type":"page","link":"http:\/\/paroquiasjoaobosco.com\/index.php\/apostolado-de-oracao\/","title":{"rendered":"Apostolado de Ora\u00e7\u00e3o"},"content":{"rendered":"<blockquote><p>Apostolado da Ora\u00e7\u00e3o \u00e9 uma associa\u00e7\u00e3o de fi\u00e9is que, por meio do oferecimento cotidiano de si mesmos, se unem ao Sacrif\u00edcio Eucar\u00edstico, no qual se exerce continuamente a obra de nossa reden\u00e7\u00e3o e, assim, pela uni\u00e3o vital com Cristo, da qual depende a fecundidade apost\u00f3lica, colaboram na salva\u00e7\u00e3o do mundo.<br \/>\nO pilar fundamental do movimento \u00e9 o amor \u00e1gape, do qual n\u00e3o existe maior s\u00edmbolo que o Cora\u00e7\u00e3o de Cristo<\/p>\n<hr \/>\n<p><strong>\u00a0Temos 2 grupos, um na comunidade Nossa Senhora de F\u00e1tima e outro na comunidade Santa Ana.<\/strong>&nbsp;<\/p><\/blockquote>\n","protected":false},"excerpt":{"rendered":"<p>Apostolado da Ora\u00e7\u00e3o \u00e9 uma associa\u00e7\u00e3o de fi\u00e9is que, por meio do oferecimento cotidiano de si mesmos, se unem ao Sacrif\u00edcio Eucar\u00edstico, no qual se exerce continuamente a obra de nossa reden\u00e7\u00e3o e, assim, pela uni\u00e3o vital com Cristo, da qual depende a fecundidade apost\u00f3lica, colaboram na salva\u00e7\u00e3o do mundo.[&#8230;]<\/p>\n","protected":false},"author":1,"featured_media":0,"parent":0,"menu_order":0,"comment_status":"closed","ping_status":"closed","template":"","meta":{"_mi_skip_tracking":false,"_exactmetrics_sitenote_active":false,"_exactmetrics_sitenote_note":"","_exactmetrics_sitenote_category":0},"_links":{"self":[{"href":"http:\/\/paroquiasjoaobosco.com\/index.php\/wp-json\/wp\/v2\/pages\/457"}],"collection":[{"href":"http:\/\/paroquiasjoaobosco.com\/index.php\/wp-json\/wp\/v2\/pages"}],"about":[{"href":"http:\/\/paroquiasjoaobosco.com\/index.php\/wp-json\/wp\/v2\/types\/page"}],"author":[{"embeddable":true,"href":"http:\/\/paroquiasjoaobosco.com\/index.php\/wp-json\/wp\/v2\/users\/1"}],"replies":[{"embeddable":true,"href":"http:\/\/paroquiasjoaobosco.com\/index.php\/wp-json\/wp\/v2\/comments?post=457"}],"version-history":[{"count":3,"href":"http:\/\/paroquiasjoaobosco.com\/index.php\/wp-json\/wp\/v2\/pages\/457\/revisions"}],"predecessor-version":[{"id":541,"href":"http:\/\/paroquiasjoaobosco.com\/index.php\/wp-json\/wp\/v2\/pages\/457\/revisions\/541"}],"wp:attachment":[{"href":"http:\/\/paroquiasjoaobosco.com\/index.php\/wp-json\/wp\/v2\/media?parent=457"}],"curies":[{"name":"wp","href":"https:\/\/api.w.org\/{rel}","templated":true}]}}