{"id":466,"date":"2015-11-16T11:51:09","date_gmt":"2015-11-16T11:51:09","guid":{"rendered":"http:\/\/paroquiasjoaobosco.com\/wp\/?page_id=466"},"modified":"2015-11-16T22:10:31","modified_gmt":"2015-11-16T22:10:31","slug":"coroinhas","status":"publish","type":"page","link":"http:\/\/paroquiasjoaobosco.com\/index.php\/coroinhas\/","title":{"rendered":"Coroinhas"},"content":{"rendered":"<blockquote>\n<h2>Coroinhas<\/h2>\n<div class=\"artigo-previa\">\u00a0 \u00a0 \u00a0 O dever de ser coroinha e auxiliar nas fun\u00e7\u00f5es lit\u00fargicas no altar, ser coroinha e servir a Deus e a todas as comunidades. Um servi\u00e7o que exige dedica\u00e7\u00e3o, responsabilidade, compromisso consigo e com Jesus deve \u2013ser piedoso, postura , respeito com os minist\u00e9rios e aten\u00e7\u00e3o.<\/div>\n<div class=\"artigo-previa\">\n<hr \/>\n<p><strong>S\u00e3o tamb\u00e9m chamados de pequenos ac\u00f3litos, procure mais informa\u00e7\u00f5es na secretaria paroquial.\u00a0<\/strong><\/div>\n<\/blockquote>\n","protected":false},"excerpt":{"rendered":"<p>Coroinhas \u00a0 \u00a0 \u00a0 O dever de ser coroinha e auxiliar nas fun\u00e7\u00f5es lit\u00fargicas no altar, ser coroinha e servir a Deus e a todas as comunidades. Um servi\u00e7o que exige dedica\u00e7\u00e3o, responsabilidade, compromisso consigo e com Jesus deve \u2013ser piedoso, postura , respeito com os minist\u00e9rios e aten\u00e7\u00e3o. S\u00e3o[&#8230;]<\/p>\n","protected":false},"author":1,"featured_media":0,"parent":0,"menu_order":0,"comment_status":"closed","ping_status":"closed","template":"","meta":{"_mi_skip_tracking":false,"_exactmetrics_sitenote_active":false,"_exactmetrics_sitenote_note":"","_exactmetrics_sitenote_category":0},"_links":{"self":[{"href":"http:\/\/paroquiasjoaobosco.com\/index.php\/wp-json\/wp\/v2\/pages\/466"}],"collection":[{"href":"http:\/\/paroquiasjoaobosco.com\/index.php\/wp-json\/wp\/v2\/pages"}],"about":[{"href":"http:\/\/paroquiasjoaobosco.com\/index.php\/wp-json\/wp\/v2\/types\/page"}],"author":[{"embeddable":true,"href":"http:\/\/paroquiasjoaobosco.com\/index.php\/wp-json\/wp\/v2\/users\/1"}],"replies":[{"embeddable":true,"href":"http:\/\/paroquiasjoaobosco.com\/index.php\/wp-json\/wp\/v2\/comments?post=466"}],"version-history":[{"count":3,"href":"http:\/\/paroquiasjoaobosco.com\/index.php\/wp-json\/wp\/v2\/pages\/466\/revisions"}],"predecessor-version":[{"id":543,"href":"http:\/\/paroquiasjoaobosco.com\/index.php\/wp-json\/wp\/v2\/pages\/466\/revisions\/543"}],"wp:attachment":[{"href":"http:\/\/paroquiasjoaobosco.com\/index.php\/wp-json\/wp\/v2\/media?parent=466"}],"curies":[{"name":"wp","href":"https:\/\/api.w.org\/{rel}","templated":true}]}}