{"id":470,"date":"2015-11-16T11:52:22","date_gmt":"2015-11-16T11:52:22","guid":{"rendered":"http:\/\/paroquiasjoaobosco.com\/wp\/?page_id=470"},"modified":"2015-11-16T11:52:22","modified_gmt":"2015-11-16T11:52:22","slug":"pastoral-familiar","status":"publish","type":"page","link":"http:\/\/paroquiasjoaobosco.com\/index.php\/pastoral-familiar\/","title":{"rendered":"Pastoral Familiar"},"content":{"rendered":"<blockquote>\n<h2>Pastoral Familiar<\/h2>\n<div class=\"artigo-imagem-float\"><\/div>\n<div class=\"artigo-previa\">A pastoral da fam\u00edlia \u00e9 uma a\u00e7\u00e3o organizada e planejada, que se realiza na Igreja, por meio de agentes espec\u00edficos, capazes de oferecer os instrumentos necess\u00e1rios para a forma\u00e7\u00e3o das fam\u00edlias. Para fornecer orienta\u00e7\u00f5es para a viv\u00eancia familiar. Para levar a todos a Boa Nova do Sacramento do Matrim\u00f3nio. Para transformar a sociedade pela obra de evangeliza\u00e7\u00e3o humana e crist\u00e3. Para defender e promover a vida e o amor, como valores essenciais da dignidade humana. A quem se destina tudo isso? A que tipo de pessoa e de fam\u00edlias? A todas as fam\u00edlias e a todas as situa\u00e7\u00f5es familiares para ajuda-las e para servir a elas. Destina-se \u00e0s fam\u00edlias que j\u00e1 est\u00e3o bem constru\u00eddas, mas tamb\u00e9m as desestruturadas e aquelas a que chamamos \u201ccasos dif\u00edceis\u201d.<\/div>\n<\/blockquote>\n","protected":false},"excerpt":{"rendered":"<p>Pastoral Familiar A pastoral da fam\u00edlia \u00e9 uma a\u00e7\u00e3o organizada e planejada, que se realiza na Igreja, por meio de agentes espec\u00edficos, capazes de oferecer os instrumentos necess\u00e1rios para a forma\u00e7\u00e3o das fam\u00edlias. Para fornecer orienta\u00e7\u00f5es para a viv\u00eancia familiar. Para levar a todos a Boa Nova do Sacramento do[&#8230;]<\/p>\n","protected":false},"author":1,"featured_media":0,"parent":0,"menu_order":0,"comment_status":"closed","ping_status":"closed","template":"","meta":{"_mi_skip_tracking":false,"_exactmetrics_sitenote_active":false,"_exactmetrics_sitenote_note":"","_exactmetrics_sitenote_category":0},"_links":{"self":[{"href":"http:\/\/paroquiasjoaobosco.com\/index.php\/wp-json\/wp\/v2\/pages\/470"}],"collection":[{"href":"http:\/\/paroquiasjoaobosco.com\/index.php\/wp-json\/wp\/v2\/pages"}],"about":[{"href":"http:\/\/paroquiasjoaobosco.com\/index.php\/wp-json\/wp\/v2\/types\/page"}],"author":[{"embeddable":true,"href":"http:\/\/paroquiasjoaobosco.com\/index.php\/wp-json\/wp\/v2\/users\/1"}],"replies":[{"embeddable":true,"href":"http:\/\/paroquiasjoaobosco.com\/index.php\/wp-json\/wp\/v2\/comments?post=470"}],"version-history":[{"count":1,"href":"http:\/\/paroquiasjoaobosco.com\/index.php\/wp-json\/wp\/v2\/pages\/470\/revisions"}],"predecessor-version":[{"id":471,"href":"http:\/\/paroquiasjoaobosco.com\/index.php\/wp-json\/wp\/v2\/pages\/470\/revisions\/471"}],"wp:attachment":[{"href":"http:\/\/paroquiasjoaobosco.com\/index.php\/wp-json\/wp\/v2\/media?parent=470"}],"curies":[{"name":"wp","href":"https:\/\/api.w.org\/{rel}","templated":true}]}}