{"id":472,"date":"2015-11-16T11:53:18","date_gmt":"2015-11-16T11:53:18","guid":{"rendered":"http:\/\/paroquiasjoaobosco.com\/wp\/?page_id=472"},"modified":"2015-11-16T11:53:18","modified_gmt":"2015-11-16T11:53:18","slug":"pastoral-do-dizimo","status":"publish","type":"page","link":"http:\/\/paroquiasjoaobosco.com\/index.php\/pastoral-do-dizimo\/","title":{"rendered":"Pastoral do D\u00edzimo"},"content":{"rendered":"<blockquote>\n<h2>Pastoral do D\u00edzimo<\/h2>\n<div class=\"artigo-imagem-float\"><\/div>\n<div class=\"artigo-previa\">\u00a0 \u00a0 \u00a0 \u00a0 \u00a0 \u00a0 O d\u00edzimo \u00e9 uma experi\u00eancia pastoral mission\u00e1ria que diz respeito a toda a comunidade de f\u00e9 e amor. D\u00edzimo \u00e9 experi\u00eancia e quest\u00e3o de f\u00e9. A comunidade que evangeliza \u00e9 tamb\u00e9m respons\u00e1vel pela manuten\u00e7\u00e3o dos servi\u00e7os de Evangeliza\u00e7\u00e3o. O d\u00edzimo envolve e cria no fiel e na comunidade o sentimento de gratid\u00e3o. O D\u00edzimo classifica o crist\u00e3o como perten\u00e7a \u00e0 sua Igreja. Atrav\u00e9s do D\u00edzimo o cat\u00f3lico, devolve e partilha com alegria o pouco do tudo que recebe de Deus.<\/div>\n<\/blockquote>\n","protected":false},"excerpt":{"rendered":"<p>Pastoral do D\u00edzimo \u00a0 \u00a0 \u00a0 \u00a0 \u00a0 \u00a0 O d\u00edzimo \u00e9 uma experi\u00eancia pastoral mission\u00e1ria que diz respeito a toda a comunidade de f\u00e9 e amor. D\u00edzimo \u00e9 experi\u00eancia e quest\u00e3o de f\u00e9. A comunidade que evangeliza \u00e9 tamb\u00e9m respons\u00e1vel pela manuten\u00e7\u00e3o dos servi\u00e7os de Evangeliza\u00e7\u00e3o. O d\u00edzimo envolve[&#8230;]<\/p>\n","protected":false},"author":1,"featured_media":0,"parent":0,"menu_order":0,"comment_status":"closed","ping_status":"closed","template":"","meta":{"_mi_skip_tracking":false,"_exactmetrics_sitenote_active":false,"_exactmetrics_sitenote_note":"","_exactmetrics_sitenote_category":0},"_links":{"self":[{"href":"http:\/\/paroquiasjoaobosco.com\/index.php\/wp-json\/wp\/v2\/pages\/472"}],"collection":[{"href":"http:\/\/paroquiasjoaobosco.com\/index.php\/wp-json\/wp\/v2\/pages"}],"about":[{"href":"http:\/\/paroquiasjoaobosco.com\/index.php\/wp-json\/wp\/v2\/types\/page"}],"author":[{"embeddable":true,"href":"http:\/\/paroquiasjoaobosco.com\/index.php\/wp-json\/wp\/v2\/users\/1"}],"replies":[{"embeddable":true,"href":"http:\/\/paroquiasjoaobosco.com\/index.php\/wp-json\/wp\/v2\/comments?post=472"}],"version-history":[{"count":1,"href":"http:\/\/paroquiasjoaobosco.com\/index.php\/wp-json\/wp\/v2\/pages\/472\/revisions"}],"predecessor-version":[{"id":473,"href":"http:\/\/paroquiasjoaobosco.com\/index.php\/wp-json\/wp\/v2\/pages\/472\/revisions\/473"}],"wp:attachment":[{"href":"http:\/\/paroquiasjoaobosco.com\/index.php\/wp-json\/wp\/v2\/media?parent=472"}],"curies":[{"name":"wp","href":"https:\/\/api.w.org\/{rel}","templated":true}]}}