{"id":491,"date":"2015-11-16T11:59:45","date_gmt":"2015-11-16T11:59:45","guid":{"rendered":"http:\/\/paroquiasjoaobosco.com\/wp\/?page_id=491"},"modified":"2018-01-24T16:58:53","modified_gmt":"2018-01-24T16:58:53","slug":"noivos","status":"publish","type":"page","link":"http:\/\/paroquiasjoaobosco.com\/index.php\/noivos\/","title":{"rendered":"Noivos"},"content":{"rendered":"<blockquote>\n<h2>Noivos<\/h2>\n<p>A pastoral dos Noivos \u00e9 formada por casais que se dedicam a orientar e passar informa\u00e7\u00f5es teol\u00f3gicas e doutrin\u00e1rias, procurando acolher as viv\u00eancias de cada um e as preocupa\u00e7\u00f5es dos jovens que se preparam para o casamento. N nossa par\u00f3quia temos a prepara\u00e7\u00e3o duas vezes por ano, procure a secretaria para mais informa\u00e7\u00f5es.<\/p><\/blockquote>\n","protected":false},"excerpt":{"rendered":"<p>Noivos A pastoral dos Noivos \u00e9 formada por casais que se dedicam a orientar e passar informa\u00e7\u00f5es teol\u00f3gicas e doutrin\u00e1rias, procurando acolher as viv\u00eancias de cada um e as preocupa\u00e7\u00f5es dos jovens que se preparam para o casamento. N nossa par\u00f3quia temos a prepara\u00e7\u00e3o duas vezes por ano, procure a[&#8230;]<\/p>\n","protected":false},"author":1,"featured_media":0,"parent":0,"menu_order":0,"comment_status":"closed","ping_status":"closed","template":"","meta":{"_mi_skip_tracking":false,"_exactmetrics_sitenote_active":false,"_exactmetrics_sitenote_note":"","_exactmetrics_sitenote_category":0},"_links":{"self":[{"href":"http:\/\/paroquiasjoaobosco.com\/index.php\/wp-json\/wp\/v2\/pages\/491"}],"collection":[{"href":"http:\/\/paroquiasjoaobosco.com\/index.php\/wp-json\/wp\/v2\/pages"}],"about":[{"href":"http:\/\/paroquiasjoaobosco.com\/index.php\/wp-json\/wp\/v2\/types\/page"}],"author":[{"embeddable":true,"href":"http:\/\/paroquiasjoaobosco.com\/index.php\/wp-json\/wp\/v2\/users\/1"}],"replies":[{"embeddable":true,"href":"http:\/\/paroquiasjoaobosco.com\/index.php\/wp-json\/wp\/v2\/comments?post=491"}],"version-history":[{"count":2,"href":"http:\/\/paroquiasjoaobosco.com\/index.php\/wp-json\/wp\/v2\/pages\/491\/revisions"}],"predecessor-version":[{"id":1255,"href":"http:\/\/paroquiasjoaobosco.com\/index.php\/wp-json\/wp\/v2\/pages\/491\/revisions\/1255"}],"wp:attachment":[{"href":"http:\/\/paroquiasjoaobosco.com\/index.php\/wp-json\/wp\/v2\/media?parent=491"}],"curies":[{"name":"wp","href":"https:\/\/api.w.org\/{rel}","templated":true}]}}