{"id":497,"date":"2015-11-16T12:02:20","date_gmt":"2015-11-16T12:02:20","guid":{"rendered":"http:\/\/paroquiasjoaobosco.com\/wp\/?page_id=497"},"modified":"2015-11-16T22:12:23","modified_gmt":"2015-11-16T22:12:23","slug":"grupo-de-oracao","status":"publish","type":"page","link":"http:\/\/paroquiasjoaobosco.com\/index.php\/grupo-de-oracao\/","title":{"rendered":"Grupo de Ora\u00e7\u00e3o"},"content":{"rendered":"<blockquote>\n<h2>Grupo de Ora\u00e7\u00e3o<\/h2>\n<p>Grupo de Ora\u00e7\u00e3o como sendo uma comunidade carism\u00e1tica que cultiva a ora\u00e7\u00e3o, a partilha e todos os outros aspectos da viv\u00eancia do Evangelho, a partir da experi\u00eancia do batismo no Esp\u00edrito Santo. Trata-se de uma reuni\u00e3o semanal na qual um grupo de fi\u00e9is coloca-se diante de Jesus, sob a a\u00e7\u00e3o do Esp\u00edrito Santo, para louvar e glorificar a Deus, participar dos dons divinos e edificar-se mutuamente.<\/p>\n<hr \/>\n<p>Temos um grupo em nossa par\u00f3quia que se re\u00fane todas as quartas feiras ap\u00f3s a missa das 19:30 na comunidade Nossa Senhora de F\u00e1tima.&nbsp;<\/p><\/blockquote>\n","protected":false},"excerpt":{"rendered":"<p>Grupo de Ora\u00e7\u00e3o Grupo de Ora\u00e7\u00e3o como sendo uma comunidade carism\u00e1tica que cultiva a ora\u00e7\u00e3o, a partilha e todos os outros aspectos da viv\u00eancia do Evangelho, a partir da experi\u00eancia do batismo no Esp\u00edrito Santo. Trata-se de uma reuni\u00e3o semanal na qual um grupo de fi\u00e9is coloca-se diante de Jesus,[&#8230;]<\/p>\n","protected":false},"author":1,"featured_media":0,"parent":0,"menu_order":0,"comment_status":"closed","ping_status":"closed","template":"","meta":{"_mi_skip_tracking":false,"_exactmetrics_sitenote_active":false,"_exactmetrics_sitenote_note":"","_exactmetrics_sitenote_category":0},"_links":{"self":[{"href":"http:\/\/paroquiasjoaobosco.com\/index.php\/wp-json\/wp\/v2\/pages\/497"}],"collection":[{"href":"http:\/\/paroquiasjoaobosco.com\/index.php\/wp-json\/wp\/v2\/pages"}],"about":[{"href":"http:\/\/paroquiasjoaobosco.com\/index.php\/wp-json\/wp\/v2\/types\/page"}],"author":[{"embeddable":true,"href":"http:\/\/paroquiasjoaobosco.com\/index.php\/wp-json\/wp\/v2\/users\/1"}],"replies":[{"embeddable":true,"href":"http:\/\/paroquiasjoaobosco.com\/index.php\/wp-json\/wp\/v2\/comments?post=497"}],"version-history":[{"count":3,"href":"http:\/\/paroquiasjoaobosco.com\/index.php\/wp-json\/wp\/v2\/pages\/497\/revisions"}],"predecessor-version":[{"id":545,"href":"http:\/\/paroquiasjoaobosco.com\/index.php\/wp-json\/wp\/v2\/pages\/497\/revisions\/545"}],"wp:attachment":[{"href":"http:\/\/paroquiasjoaobosco.com\/index.php\/wp-json\/wp\/v2\/media?parent=497"}],"curies":[{"name":"wp","href":"https:\/\/api.w.org\/{rel}","templated":true}]}}